{"id":963,"date":"2025-02-18T17:42:32","date_gmt":"2025-02-18T17:42:32","guid":{"rendered":"http:\/\/bm-hairdesign.ch\/?page_id=963"},"modified":"2025-02-18T17:42:32","modified_gmt":"2025-02-18T17:42:32","slug":"datenschutz","status":"publish","type":"page","link":"https:\/\/bm-hairdesign.ch\/?page_id=963","title":{"rendered":"Datenschutz"},"content":{"rendered":"<p class=\"p1\"><b>I. Einleitung <\/b><\/p>\n<p class=\"p2\"><span class=\"s1\">1 <\/span>Vorliegende Empfehlungen beziehen sich auf einzelne ausgew\u00e4hlte Fragestellungen be-z\u00fcglich des am 01. September 2023 in Kraft getretenen schweizerischen Datenschutz-rechts.<\/p>\n<p class=\"p2\"><span class=\"s1\">2 <\/span>Von Coiffure Suisse wird eine Datenschutzerkl\u00e4rung zur Verf\u00fcgung gestellt, welche von den Coiffeur-Unternehmen verwendet und je nach Bedarf angepasst werden kann. F\u00fcr die Verwendung der Datenschutzerkl\u00e4rung empfiehlt Coiffure Suisse, dass diese<\/p>\n<p class=\"p2\">1. auf der Webseite von Coiffeure-Unternehmen aufgeschaltet ist und insbesondere, soweit Aktivit\u00e4ten \u00fcber die Webseite durchgef\u00fchrt werden, mithin beispielsweise Termine online vereinbart oder Produkte online erworben werden, per Mausklick zu best\u00e4tigen ist, dass die Datenschutzerkl\u00e4rung gelesen und verstanden wurde, oder aber,<\/p>\n<p class=\"p2\">2. bei Fehlen einer Webseite, die Datenschutzerkl\u00e4rung im Coiffeur-Salon gut sichtbar aufliegt und die Kunden auf diese aufmerksam gemacht werden.<\/p>\n<p class=\"p3\"><span class=\"s1\">3 <\/span>Aus Gr\u00fcnden der besseren Lesbarkeit wird in vorliegenden Empfehlungen ausschliess-lich das generische Maskulinum verwendet. Weibliche und anderweitige Geschlechteri-dentit\u00e4ten werden hiervon ausdr\u00fccklich mitumfasst.<\/p>\n<p class=\"p1\"><b>II. Bearbeitung datenschutzrechtlich gesch\u00fctzter Personendaten <\/b><\/p>\n<p class=\"p5\"><span class=\"s1\">4 <\/span>Der gesetzliche Datenschutz umfasst Personendaten, mithin s\u00e4mtliche Daten, welche sich auf eine bestimmte oder bestimmbare nat\u00fcrliche Person beziehen. Ein Teil hiervon wird von der geltenden Rechtsordnung als besonders sch\u00fctzenswert erachtet und un-tersteht besonderen Regelungen. Die besonders sch\u00fctzenswerten Personendaten um-fassen Daten \u00fcber religi\u00f6se, weltanschauliche, politische oder gewerkschaftliche Ansich-ten oder T\u00e4tigkeiten, Daten \u00fcber die Gesundheit, die Intimsph\u00e4re oder die Zugeh\u00f6rigkeit zu einer Rasse oder Ethnie, genetische Daten, biometrische Daten, mithin Daten, wel-che eine nat\u00fcrliche Person eindeutig identifizieren, Daten \u00fcber verwaltungs- und straf-rechtliche Verfolgungen oder Sanktionen sowie Daten \u00fcber Massnahmen der sozialen Hilfe.<\/p>\n<p class=\"p5\"><span class=\"s1\">5 <\/span>Bez\u00fcglich Coiffeur-Unternehmen sind diejenigen Personendaten vom Datenschutz er-fasst, von welchen in Aus\u00fcbung des Berufes, welcher die Kenntnis solcher Daten erfor-dert, Kenntnis erlangt wurde.<\/p>\n<p class=\"p3\"><span class=\"s1\">6 <\/span>Die Bearbeitung umfasst jeglichen Umgang mit Personendaten, insbesondere deren Be-schaffung, Bearbeitung im engeren Sinne sowie deren Aufbewahrung.<\/p>\n<p class=\"p6\">3<\/p>\n<p class=\"p1\"><b>III. Pflicht zur Information \u00fcber die Datenbearbeitung <\/b><\/p>\n<p class=\"p7\"><span class=\"s1\">7 <\/span>Die Person, deren Daten bearbeitet werden, ist grunds\u00e4tzlich mindestens zu informieren \u00fcber:<\/p>\n<p class=\"p7\">\u2022 die Identit\u00e4t und die Kontaktdaten der verantwortlichen Person, mithin derjenigen Person, welche die Daten bearbeitet,<\/p>\n<p class=\"p7\">\u2022 den Bearbeitungszweck sowie<\/p>\n<p class=\"p7\">\u2022 gegebenenfalls die Empf\u00e4nger oder Kategorien hiervon, denen die Personendaten bekannt gegeben werden.<\/p>\n<p class=\"p7\"><span class=\"s1\">8 <\/span>Hingegen bedarf es insbesondere keiner Information bei bereits bestehenden Kunden.<\/p>\n<p class=\"p3\"><span class=\"s1\">9 <\/span>Weitergehende Informationspflichten bestehen bei der Bekanntgabe von Personendaten ins Ausland.<\/p>\n<p class=\"p1\"><b>IV. Einwilligung <\/b><\/p>\n<p class=\"p5\"><span class=\"s1\">10 <\/span>Personen, deren Daten bearbeitet werden, haben hierin grunds\u00e4tzlich einzuwilligen. Die Einwilligung kann eine ausdr\u00fcckliche sein, sich aus den Umst\u00e4nden ergeben oder aber eine mutmassliche sein. Einzig bez\u00fcglich der Bearbeitung besonders sch\u00fctzenswerter Personendaten muss die Einwilligung eine ausdr\u00fcckliche sein. Bei minderj\u00e4hrigen Kin-dern hat die Erteilung der Einwilligung grunds\u00e4tzlich durch deren gesetzliche Vertreter zu erfolgen. Die Schriftlichkeit der Einwilligung ist hingegen nicht verlangt.<\/p>\n<p class=\"p3\"><span class=\"s1\">11 <\/span>Soweit eine Person der Datenbearbeitung widerspricht, ist dieser Widerspruch mit Wir-kung f\u00fcr die Zukunft zu beachten. Die weitere Datenbearbeitung ist zu unterlassen und die fortgesetzte Datenbearbeitung ist einzustellen.<\/p>\n<p class=\"p1\"><b>V. Datenbearbeitung durch Auftragsbearbeiter <\/b><\/p>\n<p class=\"p3\"><span class=\"s1\">12 <\/span>Wird die Datenbearbeitung einer Drittperson \u00fcbertragen (Auftragsbearbeiter), so hat die verantwortliche Person vertraglich sicherzustellen, dass der Auftragsbearbeiter nament-lich in der Lage ist, die Zweckbindung und Datensicherheit zu gew\u00e4hrleisten.<\/p>\n<p class=\"p1\"><b>VI. Aufbewahrung von Personendaten <\/b><\/p>\n<p class=\"p3\"><span class=\"s1\">13 <\/span>Die Dauer, w\u00e4hrend dieser Personendaten aufbewahrt werden m\u00fcssen, wird daten-schutzrechtlich nicht definiert. Die Bearbeitung der Personendaten hat jedoch dem<\/p>\n<p class=\"p6\">4<\/p>\n<p class=\"p3\">Grundsatz der Verh\u00e4ltnism\u00e4ssigkeit zu gen\u00fcgen, mithin d\u00fcrfen Daten nur so lange ge-speichert werden, wie dies zur Erreichung des Zwecks, f\u00fcr den sie bearbeitet werden, notwendig ist. Hierzu geh\u00f6rt auch, dass beispielsweise im Rahmen einer Rechtsstreitig-keit Beweise erbracht werden k\u00f6nnen. Die Notwendigkeit hierzu entf\u00e4llt erst nach Ablauf der jeweils anwendbaren Verj\u00e4hrungsfristen. Als Faustregel kann von einer Verj\u00e4hrungs-frist von 10 Jahren ausgegangen werden. Im konkreten Einzelfall kann indes eine k\u00fcr-zere oder l\u00e4ngere Verj\u00e4hrungsfrist zur Anwendung kommen. <span class=\"s1\">14 <\/span>Daneben stellt die Rechtsordnung ausserhalb des Datenschutzrechts besondere Aufbe-wahrungsfristen auf. So beispielsweise eine Frist von 5 Jahren nach Mehrwertsteuerge-setz oder eine Frist von 10 Jahren, wenn ein Coiffeur-Unternehmen der Pflicht zur Buch-f\u00fchrung und Rechnungslegung nach Obligationenrecht unterliegt.<\/p>\n<p class=\"p1\"><b>VII. Meldepflicht von Datensicherheitsverletzungen <\/b><\/p>\n<p class=\"p2\"><span class=\"s1\">15 <\/span>Jede Person, welche datenschutzrechtlich gesch\u00fctzte Personendaten bearbeitet, ge-w\u00e4hrleistet durch geeignete technische und organisatorische Massnahmen eine dem Ri-siko angemessene Datensicherheit.<\/p>\n<p class=\"p2\"><span class=\"s1\">16 <\/span>Bei einer Verletzung der Datensicherheit, welche voraussichtlich zu einem hohen Risiko f\u00fcr die Pers\u00f6nlichkeit oder die Grundrechte derjenigen Person f\u00fchrt, um deren Daten es sich handelt, ist so rasch als m\u00f6glich dem Eidgen\u00f6ssischen Datenschutz- und \u00d6ffent-lichkeitsbeauftragen (ED\u00d6B) mindestens von der Art der Verletzung der Datensicherheit, deren Folgen und der ergriffenen oder vorgesehenen Massnahmen Meldung zu ma-chen. In gewissen F\u00e4llen ist \u00fcberdies diejenige Person zu informieren, um deren Daten es sich handelt.<\/p>\n<p class=\"p3\"><span class=\"s1\">17 <\/span>Tritt die Verletzung der Datensicherheit beim Auftragsbearbeiter ein, hat dieser so rasch als m\u00f6glich der verantwortlichen Person hiervon Mitteilung zu machen, sodass diese wiederum dem ED\u00d6B Meldung erstatten kann.<\/p>\n<p class=\"p1\"><b>VIII. Disclaimer <\/b><\/p>\n<p class=\"p3\"><span class=\"s1\">18 <\/span>Vorliegende Empfehlungen sind ausschliesslich f\u00fcr informative Zwecke und weder eine vollst\u00e4ndige Checkliste noch k\u00f6nnen sie eine Rechtsberatung ersetzen. Coiffure Suisse lehnt jede Haftung ab, die sich im Zusammenhang mit der Anwendung oder Unterlas-sung einer Handlung durch vorliegende Empfehlungen ergeben kann. Zudem wird emp-fohlen, gegebenenfalls fachkundige Unterst\u00fctzung in Anspruch zu nehmen.<\/p>\n<p class=\"p3\">***<\/p>\n","protected":false},"excerpt":{"rendered":"<p>I. Einleitung 1 Vorliegende Empfehlungen beziehen sich auf einzelne ausgew\u00e4hlte [&hellip;]<\/p>\n","protected":false},"author":1,"featured_media":0,"parent":0,"menu_order":0,"comment_status":"closed","ping_status":"closed","template":"","meta":{"footnotes":""},"class_list":["post-963","page","type-page","status-publish","hentry"],"_links":{"self":[{"href":"https:\/\/bm-hairdesign.ch\/index.php?rest_route=\/wp\/v2\/pages\/963","targetHints":{"allow":["GET"]}}],"collection":[{"href":"https:\/\/bm-hairdesign.ch\/index.php?rest_route=\/wp\/v2\/pages"}],"about":[{"href":"https:\/\/bm-hairdesign.ch\/index.php?rest_route=\/wp\/v2\/types\/page"}],"author":[{"embeddable":true,"href":"https:\/\/bm-hairdesign.ch\/index.php?rest_route=\/wp\/v2\/users\/1"}],"replies":[{"embeddable":true,"href":"https:\/\/bm-hairdesign.ch\/index.php?rest_route=%2Fwp%2Fv2%2Fcomments&post=963"}],"version-history":[{"count":1,"href":"https:\/\/bm-hairdesign.ch\/index.php?rest_route=\/wp\/v2\/pages\/963\/revisions"}],"predecessor-version":[{"id":964,"href":"https:\/\/bm-hairdesign.ch\/index.php?rest_route=\/wp\/v2\/pages\/963\/revisions\/964"}],"wp:attachment":[{"href":"https:\/\/bm-hairdesign.ch\/index.php?rest_route=%2Fwp%2Fv2%2Fmedia&parent=963"}],"curies":[{"name":"wp","href":"https:\/\/api.w.org\/{rel}","templated":true}]}}